{"id":1247,"date":"2025-03-28T17:02:07","date_gmt":"2025-03-28T15:02:07","guid":{"rendered":"https:\/\/www.anrf-rugby.fr\/?page_id=1247"},"modified":"2025-05-27T08:54:31","modified_gmt":"2025-05-27T06:54:31","slug":"20-ans-de-lanrf","status":"publish","type":"page","link":"https:\/\/www.anrf-rugby.fr\/index.php\/20-ans-de-lanrf\/","title":{"rendered":"20 ans de l&rsquo;ANRF"},"content":{"rendered":"\t\t<div data-elementor-type=\"wp-page\" data-elementor-id=\"1247\" class=\"elementor elementor-1247\" data-elementor-post-type=\"page\">\n\t\t\t\t<div class=\"elementor-element elementor-element-8148491 e-flex e-con-boxed e-con e-parent\" data-id=\"8148491\" data-element_type=\"container\" data-e-type=\"container\">\n\t\t\t\t\t<div class=\"e-con-inner\">\n\t\t\t\t<div class=\"elementor-element elementor-element-f84361d elementor-widget elementor-widget-heading\" data-id=\"f84361d\" data-element_type=\"widget\" data-e-type=\"widget\" data-widget_type=\"heading.default\">\n\t\t\t\t<div class=\"elementor-widget-container\">\n\t\t\t\t\t<h2 class=\"elementor-heading-title elementor-size-default\">Les 20 ans de l'ANRF<\/h2>\t\t\t\t<\/div>\n\t\t\t\t<\/div>\n\t\t\t\t\t<\/div>\n\t\t\t\t<\/div>\n\t\t<div class=\"elementor-element elementor-element-fc598b7 e-flex e-con-boxed e-con e-parent\" data-id=\"fc598b7\" data-element_type=\"container\" data-e-type=\"container\">\n\t\t\t\t\t<div class=\"e-con-inner\">\n\t\t\t\t<div class=\"elementor-element elementor-element-4ca16c4 elementor-widget elementor-widget-image\" data-id=\"4ca16c4\" data-element_type=\"widget\" data-e-type=\"widget\" data-widget_type=\"image.default\">\n\t\t\t\t<div class=\"elementor-widget-container\">\n\t\t\t\t\t\t\t\t\t\t\t\t\t\t\t<img fetchpriority=\"high\" decoding=\"async\" width=\"589\" height=\"793\" src=\"https:\/\/www.anrf-rugby.fr\/wp-content\/uploads\/2025\/05\/Capture-decran-2025-05-12-205141.png\" class=\"attachment-large size-large wp-image-1261\" alt=\"\" srcset=\"https:\/\/www.anrf-rugby.fr\/wp-content\/uploads\/2025\/05\/Capture-decran-2025-05-12-205141.png 589w, https:\/\/www.anrf-rugby.fr\/wp-content\/uploads\/2025\/05\/Capture-decran-2025-05-12-205141-223x300.png 223w\" sizes=\"(max-width: 589px) 100vw, 589px\" \/>\t\t\t\t\t\t\t\t\t\t\t\t\t\t\t<\/div>\n\t\t\t\t<\/div>\n\t\t<div class=\"elementor-element elementor-element-fec8753 e-con-full e-flex e-con e-child\" data-id=\"fec8753\" data-element_type=\"container\" data-e-type=\"container\">\n\t\t\t\t<div class=\"elementor-element elementor-element-d9087f0 elementor-invisible elementor-widget elementor-widget-heading\" data-id=\"d9087f0\" data-element_type=\"widget\" data-e-type=\"widget\" data-settings=\"{&quot;_animation&quot;:&quot;fadeInDown&quot;}\" data-widget_type=\"heading.default\">\n\t\t\t\t<div class=\"elementor-widget-container\">\n\t\t\t\t\t<h3 class=\"elementor-heading-title elementor-size-default\">Cette ann\u00e9e, l'ANRF f\u00eate<\/br> ses 20 bougies !<\/h3>\t\t\t\t<\/div>\n\t\t\t\t<\/div>\n\t\t\t\t<div class=\"elementor-element elementor-element-1d3da11 elementor-widget elementor-widget-text-editor\" data-id=\"1d3da11\" data-element_type=\"widget\" data-e-type=\"widget\" data-widget_type=\"text-editor.default\">\n\t\t\t\t<div class=\"elementor-widget-container\">\n\t\t\t\t\t\t\t\t\tPour l&rsquo;occasion, nous vous invitons \u00e0 venir f\u00eater cette \u00e9v\u00e8nement avec nous.<\/br> R\u00e9servez-donc votre samedi 14 Juin.\t\t\t\t\t\t\t\t<\/div>\n\t\t\t\t<\/div>\n\t\t\t\t<div class=\"elementor-element elementor-element-76e1095 elementor-mobile-align-center elementor-icon-list--layout-traditional elementor-list-item-link-full_width elementor-widget elementor-widget-icon-list\" data-id=\"76e1095\" data-element_type=\"widget\" data-e-type=\"widget\" data-widget_type=\"icon-list.default\">\n\t\t\t\t<div class=\"elementor-widget-container\">\n\t\t\t\t\t\t\t<ul class=\"elementor-icon-list-items\">\n\t\t\t\t\t\t\t<li class=\"elementor-icon-list-item\">\n\t\t\t\t\t\t\t\t\t\t\t<span class=\"elementor-icon-list-icon\">\n\t\t\t\t\t\t\t<svg aria-hidden=\"true\" class=\"e-font-icon-svg e-fas-arrow-right\" viewBox=\"0 0 448 512\" xmlns=\"http:\/\/www.w3.org\/2000\/svg\"><path d=\"M190.5 66.9l22.2-22.2c9.4-9.4 24.6-9.4 33.9 0L441 239c9.4 9.4 9.4 24.6 0 33.9L246.6 467.3c-9.4 9.4-24.6 9.4-33.9 0l-22.2-22.2c-9.5-9.5-9.3-25 .4-34.3L311.4 296H24c-13.3 0-24-10.7-24-24v-32c0-13.3 10.7-24 24-24h287.4L190.9 101.2c-9.8-9.3-10-24.8-.4-34.3z\"><\/path><\/svg>\t\t\t\t\t\t<\/span>\n\t\t\t\t\t\t\t\t\t\t<span class=\"elementor-icon-list-text\">Initiation au rugby<\/span>\n\t\t\t\t\t\t\t\t\t<\/li>\n\t\t\t\t\t\t\t\t<li class=\"elementor-icon-list-item\">\n\t\t\t\t\t\t\t\t\t\t\t<span class=\"elementor-icon-list-icon\">\n\t\t\t\t\t\t\t<svg aria-hidden=\"true\" class=\"e-font-icon-svg e-fas-arrow-right\" viewBox=\"0 0 448 512\" xmlns=\"http:\/\/www.w3.org\/2000\/svg\"><path d=\"M190.5 66.9l22.2-22.2c9.4-9.4 24.6-9.4 33.9 0L441 239c9.4 9.4 9.4 24.6 0 33.9L246.6 467.3c-9.4 9.4-24.6 9.4-33.9 0l-22.2-22.2c-9.5-9.5-9.3-25 .4-34.3L311.4 296H24c-13.3 0-24-10.7-24-24v-32c0-13.3 10.7-24 24-24h287.4L190.9 101.2c-9.8-9.3-10-24.8-.4-34.3z\"><\/path><\/svg>\t\t\t\t\t\t<\/span>\n\t\t\t\t\t\t\t\t\t\t<span class=\"elementor-icon-list-text\">Tournois \u00e0 toucher mixte \u00e0 V<\/span>\n\t\t\t\t\t\t\t\t\t<\/li>\n\t\t\t\t\t\t\t\t<li class=\"elementor-icon-list-item\">\n\t\t\t\t\t\t\t\t\t\t\t<span class=\"elementor-icon-list-icon\">\n\t\t\t\t\t\t\t<svg aria-hidden=\"true\" class=\"e-font-icon-svg e-fas-arrow-right\" viewBox=\"0 0 448 512\" xmlns=\"http:\/\/www.w3.org\/2000\/svg\"><path d=\"M190.5 66.9l22.2-22.2c9.4-9.4 24.6-9.4 33.9 0L441 239c9.4 9.4 9.4 24.6 0 33.9L246.6 467.3c-9.4 9.4-24.6 9.4-33.9 0l-22.2-22.2c-9.5-9.5-9.3-25 .4-34.3L311.4 296H24c-13.3 0-24-10.7-24-24v-32c0-13.3 10.7-24 24-24h287.4L190.9 101.2c-9.8-9.3-10-24.8-.4-34.3z\"><\/path><\/svg>\t\t\t\t\t\t<\/span>\n\t\t\t\t\t\t\t\t\t\t<span class=\"elementor-icon-list-text\">Match de gala \u00e0 XV<\/span>\n\t\t\t\t\t\t\t\t\t<\/li>\n\t\t\t\t\t\t\t\t<li class=\"elementor-icon-list-item\">\n\t\t\t\t\t\t\t\t\t\t\t<span class=\"elementor-icon-list-icon\">\n\t\t\t\t\t\t\t<svg aria-hidden=\"true\" class=\"e-font-icon-svg e-fas-arrow-right\" viewBox=\"0 0 448 512\" xmlns=\"http:\/\/www.w3.org\/2000\/svg\"><path d=\"M190.5 66.9l22.2-22.2c9.4-9.4 24.6-9.4 33.9 0L441 239c9.4 9.4 9.4 24.6 0 33.9L246.6 467.3c-9.4 9.4-24.6 9.4-33.9 0l-22.2-22.2c-9.5-9.5-9.3-25 .4-34.3L311.4 296H24c-13.3 0-24-10.7-24-24v-32c0-13.3 10.7-24 24-24h287.4L190.9 101.2c-9.8-9.3-10-24.8-.4-34.3z\"><\/path><\/svg>\t\t\t\t\t\t<\/span>\n\t\t\t\t\t\t\t\t\t\t<span class=\"elementor-icon-list-text\">Fanfare et restauration<\/span>\n\t\t\t\t\t\t\t\t\t<\/li>\n\t\t\t\t\t\t\t\t<li class=\"elementor-icon-list-item\">\n\t\t\t\t\t\t\t\t\t\t\t<span class=\"elementor-icon-list-icon\">\n\t\t\t\t\t\t\t<svg aria-hidden=\"true\" class=\"e-font-icon-svg e-fas-arrow-right\" viewBox=\"0 0 448 512\" xmlns=\"http:\/\/www.w3.org\/2000\/svg\"><path d=\"M190.5 66.9l22.2-22.2c9.4-9.4 24.6-9.4 33.9 0L441 239c9.4 9.4 9.4 24.6 0 33.9L246.6 467.3c-9.4 9.4-24.6 9.4-33.9 0l-22.2-22.2c-9.5-9.5-9.3-25 .4-34.3L311.4 296H24c-13.3 0-24-10.7-24-24v-32c0-13.3 10.7-24 24-24h287.4L190.9 101.2c-9.8-9.3-10-24.8-.4-34.3z\"><\/path><\/svg>\t\t\t\t\t\t<\/span>\n\t\t\t\t\t\t\t\t\t\t<span class=\"elementor-icon-list-text\">Vide-dressing<\/span>\n\t\t\t\t\t\t\t\t\t<\/li>\n\t\t\t\t\t\t\t\t<li class=\"elementor-icon-list-item\">\n\t\t\t\t\t\t\t\t\t\t\t<span class=\"elementor-icon-list-icon\">\n\t\t\t\t\t\t\t<svg aria-hidden=\"true\" class=\"e-font-icon-svg e-fas-arrow-right\" viewBox=\"0 0 448 512\" xmlns=\"http:\/\/www.w3.org\/2000\/svg\"><path d=\"M190.5 66.9l22.2-22.2c9.4-9.4 24.6-9.4 33.9 0L441 239c9.4 9.4 9.4 24.6 0 33.9L246.6 467.3c-9.4 9.4-24.6 9.4-33.9 0l-22.2-22.2c-9.5-9.5-9.3-25 .4-34.3L311.4 296H24c-13.3 0-24-10.7-24-24v-32c0-13.3 10.7-24 24-24h287.4L190.9 101.2c-9.8-9.3-10-24.8-.4-34.3z\"><\/path><\/svg>\t\t\t\t\t\t<\/span>\n\t\t\t\t\t\t\t\t\t\t<span class=\"elementor-icon-list-text\">Conf\u00e9rence sur le sport<\/span>\n\t\t\t\t\t\t\t\t\t<\/li>\n\t\t\t\t\t\t\t\t<li class=\"elementor-icon-list-item\">\n\t\t\t\t\t\t\t\t\t\t\t<span class=\"elementor-icon-list-icon\">\n\t\t\t\t\t\t\t<svg aria-hidden=\"true\" class=\"e-font-icon-svg e-fas-arrow-right\" viewBox=\"0 0 448 512\" xmlns=\"http:\/\/www.w3.org\/2000\/svg\"><path d=\"M190.5 66.9l22.2-22.2c9.4-9.4 24.6-9.4 33.9 0L441 239c9.4 9.4 9.4 24.6 0 33.9L246.6 467.3c-9.4 9.4-24.6 9.4-33.9 0l-22.2-22.2c-9.5-9.5-9.3-25 .4-34.3L311.4 296H24c-13.3 0-24-10.7-24-24v-32c0-13.3 10.7-24 24-24h287.4L190.9 101.2c-9.8-9.3-10-24.8-.4-34.3z\"><\/path><\/svg>\t\t\t\t\t\t<\/span>\n\t\t\t\t\t\t\t\t\t\t<span class=\"elementor-icon-list-text\">Exposition sur l'histoire du club<\/span>\n\t\t\t\t\t\t\t\t\t<\/li>\n\t\t\t\t\t\t<\/ul>\n\t\t\t\t\t\t<\/div>\n\t\t\t\t<\/div>\n\t\t\t\t<div class=\"elementor-element elementor-element-2846d4d elementor-align-left e-transform e-transform elementor-widget elementor-widget-button\" data-id=\"2846d4d\" data-element_type=\"widget\" data-e-type=\"widget\" data-settings=\"{&quot;_transform_rotateZ_effect_hover&quot;:{&quot;unit&quot;:&quot;px&quot;,&quot;size&quot;:-2,&quot;sizes&quot;:[]},&quot;_transform_scale_effect_hover&quot;:{&quot;unit&quot;:&quot;px&quot;,&quot;size&quot;:1.1,&quot;sizes&quot;:[]},&quot;_transform_rotateZ_effect_hover_tablet&quot;:{&quot;unit&quot;:&quot;deg&quot;,&quot;size&quot;:&quot;&quot;,&quot;sizes&quot;:[]},&quot;_transform_rotateZ_effect_hover_mobile&quot;:{&quot;unit&quot;:&quot;deg&quot;,&quot;size&quot;:&quot;&quot;,&quot;sizes&quot;:[]},&quot;_transform_scale_effect_hover_tablet&quot;:{&quot;unit&quot;:&quot;px&quot;,&quot;size&quot;:&quot;&quot;,&quot;sizes&quot;:[]},&quot;_transform_scale_effect_hover_mobile&quot;:{&quot;unit&quot;:&quot;px&quot;,&quot;size&quot;:&quot;&quot;,&quot;sizes&quot;:[]}}\" data-widget_type=\"button.default\">\n\t\t\t\t<div class=\"elementor-widget-container\">\n\t\t\t\t\t\t\t\t\t<div class=\"elementor-button-wrapper\">\n\t\t\t\t\t<a class=\"elementor-button elementor-button-link elementor-size-sm\" href=\"https:\/\/docs.google.com\/forms\/d\/e\/1FAIpQLSdXqmYivDyh0J2fG0BUF-4vchbdptyMEacY_eeQWf3iqGS-DQ\/viewform?usp=send_form\" target=\"_blank\">\n\t\t\t\t\t\t<span class=\"elementor-button-content-wrapper\">\n\t\t\t\t\t\t\t\t\t<span class=\"elementor-button-text\">S'inscrire \u00e0 la journ\u00e9e du 14 Juin<\/span>\n\t\t\t\t\t<\/span>\n\t\t\t\t\t<\/a>\n\t\t\t\t<\/div>\n\t\t\t\t\t\t\t\t<\/div>\n\t\t\t\t<\/div>\n\t\t\t\t<\/div>\n\t\t\t\t\t<\/div>\n\t\t\t\t<\/div>\n\t\t\t\t<\/div>\n\t\t","protected":false},"excerpt":{"rendered":"<p>Les 20 ans de l&rsquo;ANRF Cette ann\u00e9e, l&rsquo;ANRF f\u00eate ses 20 bougies ! Pour l&rsquo;occasion, nous vous invitons \u00e0 venir f\u00eater cette \u00e9v\u00e8nement avec nous. R\u00e9servez-donc votre samedi 14 Juin. Initiation au rugby Tournois \u00e0 toucher mixte \u00e0 V Match de gala \u00e0 XV Fanfare et restauration Vide-dressing Conf\u00e9rence sur le sport Exposition sur l&rsquo;histoire [&hellip;]<\/p>\n","protected":false},"author":1,"featured_media":0,"parent":0,"menu_order":0,"comment_status":"closed","ping_status":"closed","template":"","meta":{"footnotes":""},"folder":[],"class_list":["post-1247","page","type-page","status-publish","hentry"],"yoast_head":"<!-- This site is optimized with the Yoast SEO plugin v27.4 - https:\/\/yoast.com\/product\/yoast-seo-wordpress\/ -->\n<title>20 ans de l&#039;ANRF - ANRF - Association Nantaise de Rugby F\u00e9minin<\/title>\n<meta name=\"robots\" content=\"index, follow, max-snippet:-1, max-image-preview:large, max-video-preview:-1\" \/>\n<link rel=\"canonical\" href=\"https:\/\/www.anrf-rugby.fr\/index.php\/20-ans-de-lanrf\/\" \/>\n<meta property=\"og:locale\" content=\"fr_FR\" \/>\n<meta property=\"og:type\" content=\"article\" \/>\n<meta property=\"og:title\" content=\"20 ans de l&#039;ANRF - ANRF - Association Nantaise de Rugby F\u00e9minin\" \/>\n<meta property=\"og:description\" content=\"Les 20 ans de l&rsquo;ANRF Cette ann\u00e9e, l&rsquo;ANRF f\u00eate ses 20 bougies ! Pour l&rsquo;occasion, nous vous invitons \u00e0 venir f\u00eater cette \u00e9v\u00e8nement avec nous. R\u00e9servez-donc votre samedi 14 Juin. Initiation au rugby Tournois \u00e0 toucher mixte \u00e0 V Match de gala \u00e0 XV Fanfare et restauration Vide-dressing Conf\u00e9rence sur le sport Exposition sur l&rsquo;histoire [&hellip;]\" \/>\n<meta property=\"og:url\" content=\"https:\/\/www.anrf-rugby.fr\/index.php\/20-ans-de-lanrf\/\" \/>\n<meta property=\"og:site_name\" content=\"ANRF - Association Nantaise de Rugby F\u00e9minin\" \/>\n<meta property=\"article:publisher\" content=\"https:\/\/www.facebook.com\/ANRF44\" \/>\n<meta property=\"article:modified_time\" content=\"2025-05-27T06:54:31+00:00\" \/>\n<meta property=\"og:image\" content=\"https:\/\/www.anrf-rugby.fr\/wp-content\/uploads\/2025\/05\/Capture-decran-2025-05-12-205141.png\" \/>\n\t<meta property=\"og:image:width\" content=\"589\" \/>\n\t<meta property=\"og:image:height\" content=\"793\" \/>\n\t<meta property=\"og:image:type\" content=\"image\/png\" \/>\n<meta name=\"twitter:card\" content=\"summary_large_image\" \/>\n<meta name=\"twitter:label1\" content=\"Dur\u00e9e de lecture estim\u00e9e\" \/>\n\t<meta name=\"twitter:data1\" content=\"1 minute\" \/>\n<script type=\"application\/ld+json\" class=\"yoast-schema-graph\">{\"@context\":\"https:\\\/\\\/schema.org\",\"@graph\":[{\"@type\":\"WebPage\",\"@id\":\"https:\\\/\\\/www.anrf-rugby.fr\\\/index.php\\\/20-ans-de-lanrf\\\/\",\"url\":\"https:\\\/\\\/www.anrf-rugby.fr\\\/index.php\\\/20-ans-de-lanrf\\\/\",\"name\":\"20 ans de l'ANRF - ANRF - Association Nantaise de Rugby F\u00e9minin\",\"isPartOf\":{\"@id\":\"https:\\\/\\\/www.anrf-rugby.fr\\\/#website\"},\"primaryImageOfPage\":{\"@id\":\"https:\\\/\\\/www.anrf-rugby.fr\\\/index.php\\\/20-ans-de-lanrf\\\/#primaryimage\"},\"image\":{\"@id\":\"https:\\\/\\\/www.anrf-rugby.fr\\\/index.php\\\/20-ans-de-lanrf\\\/#primaryimage\"},\"thumbnailUrl\":\"https:\\\/\\\/www.anrf-rugby.fr\\\/wp-content\\\/uploads\\\/2025\\\/05\\\/Capture-decran-2025-05-12-205141.png\",\"datePublished\":\"2025-03-28T15:02:07+00:00\",\"dateModified\":\"2025-05-27T06:54:31+00:00\",\"breadcrumb\":{\"@id\":\"https:\\\/\\\/www.anrf-rugby.fr\\\/index.php\\\/20-ans-de-lanrf\\\/#breadcrumb\"},\"inLanguage\":\"fr-FR\",\"potentialAction\":[{\"@type\":\"ReadAction\",\"target\":[\"https:\\\/\\\/www.anrf-rugby.fr\\\/index.php\\\/20-ans-de-lanrf\\\/\"]}]},{\"@type\":\"ImageObject\",\"inLanguage\":\"fr-FR\",\"@id\":\"https:\\\/\\\/www.anrf-rugby.fr\\\/index.php\\\/20-ans-de-lanrf\\\/#primaryimage\",\"url\":\"https:\\\/\\\/www.anrf-rugby.fr\\\/wp-content\\\/uploads\\\/2025\\\/05\\\/Capture-decran-2025-05-12-205141.png\",\"contentUrl\":\"https:\\\/\\\/www.anrf-rugby.fr\\\/wp-content\\\/uploads\\\/2025\\\/05\\\/Capture-decran-2025-05-12-205141.png\",\"width\":589,\"height\":793},{\"@type\":\"BreadcrumbList\",\"@id\":\"https:\\\/\\\/www.anrf-rugby.fr\\\/index.php\\\/20-ans-de-lanrf\\\/#breadcrumb\",\"itemListElement\":[{\"@type\":\"ListItem\",\"position\":1,\"name\":\"Accueil\",\"item\":\"https:\\\/\\\/www.anrf-rugby.fr\\\/\"},{\"@type\":\"ListItem\",\"position\":2,\"name\":\"20 ans de l&rsquo;ANRF\"}]},{\"@type\":\"WebSite\",\"@id\":\"https:\\\/\\\/www.anrf-rugby.fr\\\/#website\",\"url\":\"https:\\\/\\\/www.anrf-rugby.fr\\\/\",\"name\":\"Association Nantaise de Rugby F\u00e9minin\",\"description\":\"La passion du rygby au f\u00e9minin\",\"publisher\":{\"@id\":\"https:\\\/\\\/www.anrf-rugby.fr\\\/#organization\"},\"potentialAction\":[{\"@type\":\"SearchAction\",\"target\":{\"@type\":\"EntryPoint\",\"urlTemplate\":\"https:\\\/\\\/www.anrf-rugby.fr\\\/?s={search_term_string}\"},\"query-input\":{\"@type\":\"PropertyValueSpecification\",\"valueRequired\":true,\"valueName\":\"search_term_string\"}}],\"inLanguage\":\"fr-FR\"},{\"@type\":\"Organization\",\"@id\":\"https:\\\/\\\/www.anrf-rugby.fr\\\/#organization\",\"name\":\"ANRF\",\"url\":\"https:\\\/\\\/www.anrf-rugby.fr\\\/\",\"logo\":{\"@type\":\"ImageObject\",\"inLanguage\":\"fr-FR\",\"@id\":\"https:\\\/\\\/www.anrf-rugby.fr\\\/#\\\/schema\\\/logo\\\/image\\\/\",\"url\":\"https:\\\/\\\/www.anrf-rugby.fr\\\/wp-content\\\/uploads\\\/2024\\\/09\\\/ANRF_Logo_contour-e1728571332732.png\",\"contentUrl\":\"https:\\\/\\\/www.anrf-rugby.fr\\\/wp-content\\\/uploads\\\/2024\\\/09\\\/ANRF_Logo_contour-e1728571332732.png\",\"width\":1202,\"height\":1300,\"caption\":\"ANRF\"},\"image\":{\"@id\":\"https:\\\/\\\/www.anrf-rugby.fr\\\/#\\\/schema\\\/logo\\\/image\\\/\"},\"sameAs\":[\"https:\\\/\\\/www.facebook.com\\\/ANRF44\",\"https:\\\/\\\/www.instagram.com\\\/anrf_rugby\\\/\"]}]}<\/script>\n<!-- \/ Yoast SEO plugin. -->","yoast_head_json":{"title":"20 ans de l'ANRF - ANRF - Association Nantaise de Rugby F\u00e9minin","robots":{"index":"index","follow":"follow","max-snippet":"max-snippet:-1","max-image-preview":"max-image-preview:large","max-video-preview":"max-video-preview:-1"},"canonical":"https:\/\/www.anrf-rugby.fr\/index.php\/20-ans-de-lanrf\/","og_locale":"fr_FR","og_type":"article","og_title":"20 ans de l'ANRF - ANRF - Association Nantaise de Rugby F\u00e9minin","og_description":"Les 20 ans de l&rsquo;ANRF Cette ann\u00e9e, l&rsquo;ANRF f\u00eate ses 20 bougies ! Pour l&rsquo;occasion, nous vous invitons \u00e0 venir f\u00eater cette \u00e9v\u00e8nement avec nous. R\u00e9servez-donc votre samedi 14 Juin. Initiation au rugby Tournois \u00e0 toucher mixte \u00e0 V Match de gala \u00e0 XV Fanfare et restauration Vide-dressing Conf\u00e9rence sur le sport Exposition sur l&rsquo;histoire [&hellip;]","og_url":"https:\/\/www.anrf-rugby.fr\/index.php\/20-ans-de-lanrf\/","og_site_name":"ANRF - Association Nantaise de Rugby F\u00e9minin","article_publisher":"https:\/\/www.facebook.com\/ANRF44","article_modified_time":"2025-05-27T06:54:31+00:00","og_image":[{"width":589,"height":793,"url":"https:\/\/www.anrf-rugby.fr\/wp-content\/uploads\/2025\/05\/Capture-decran-2025-05-12-205141.png","type":"image\/png"}],"twitter_card":"summary_large_image","twitter_misc":{"Dur\u00e9e de lecture estim\u00e9e":"1 minute"},"schema":{"@context":"https:\/\/schema.org","@graph":[{"@type":"WebPage","@id":"https:\/\/www.anrf-rugby.fr\/index.php\/20-ans-de-lanrf\/","url":"https:\/\/www.anrf-rugby.fr\/index.php\/20-ans-de-lanrf\/","name":"20 ans de l'ANRF - ANRF - Association Nantaise de Rugby F\u00e9minin","isPartOf":{"@id":"https:\/\/www.anrf-rugby.fr\/#website"},"primaryImageOfPage":{"@id":"https:\/\/www.anrf-rugby.fr\/index.php\/20-ans-de-lanrf\/#primaryimage"},"image":{"@id":"https:\/\/www.anrf-rugby.fr\/index.php\/20-ans-de-lanrf\/#primaryimage"},"thumbnailUrl":"https:\/\/www.anrf-rugby.fr\/wp-content\/uploads\/2025\/05\/Capture-decran-2025-05-12-205141.png","datePublished":"2025-03-28T15:02:07+00:00","dateModified":"2025-05-27T06:54:31+00:00","breadcrumb":{"@id":"https:\/\/www.anrf-rugby.fr\/index.php\/20-ans-de-lanrf\/#breadcrumb"},"inLanguage":"fr-FR","potentialAction":[{"@type":"ReadAction","target":["https:\/\/www.anrf-rugby.fr\/index.php\/20-ans-de-lanrf\/"]}]},{"@type":"ImageObject","inLanguage":"fr-FR","@id":"https:\/\/www.anrf-rugby.fr\/index.php\/20-ans-de-lanrf\/#primaryimage","url":"https:\/\/www.anrf-rugby.fr\/wp-content\/uploads\/2025\/05\/Capture-decran-2025-05-12-205141.png","contentUrl":"https:\/\/www.anrf-rugby.fr\/wp-content\/uploads\/2025\/05\/Capture-decran-2025-05-12-205141.png","width":589,"height":793},{"@type":"BreadcrumbList","@id":"https:\/\/www.anrf-rugby.fr\/index.php\/20-ans-de-lanrf\/#breadcrumb","itemListElement":[{"@type":"ListItem","position":1,"name":"Accueil","item":"https:\/\/www.anrf-rugby.fr\/"},{"@type":"ListItem","position":2,"name":"20 ans de l&rsquo;ANRF"}]},{"@type":"WebSite","@id":"https:\/\/www.anrf-rugby.fr\/#website","url":"https:\/\/www.anrf-rugby.fr\/","name":"Association Nantaise de Rugby F\u00e9minin","description":"La passion du rygby au f\u00e9minin","publisher":{"@id":"https:\/\/www.anrf-rugby.fr\/#organization"},"potentialAction":[{"@type":"SearchAction","target":{"@type":"EntryPoint","urlTemplate":"https:\/\/www.anrf-rugby.fr\/?s={search_term_string}"},"query-input":{"@type":"PropertyValueSpecification","valueRequired":true,"valueName":"search_term_string"}}],"inLanguage":"fr-FR"},{"@type":"Organization","@id":"https:\/\/www.anrf-rugby.fr\/#organization","name":"ANRF","url":"https:\/\/www.anrf-rugby.fr\/","logo":{"@type":"ImageObject","inLanguage":"fr-FR","@id":"https:\/\/www.anrf-rugby.fr\/#\/schema\/logo\/image\/","url":"https:\/\/www.anrf-rugby.fr\/wp-content\/uploads\/2024\/09\/ANRF_Logo_contour-e1728571332732.png","contentUrl":"https:\/\/www.anrf-rugby.fr\/wp-content\/uploads\/2024\/09\/ANRF_Logo_contour-e1728571332732.png","width":1202,"height":1300,"caption":"ANRF"},"image":{"@id":"https:\/\/www.anrf-rugby.fr\/#\/schema\/logo\/image\/"},"sameAs":["https:\/\/www.facebook.com\/ANRF44","https:\/\/www.instagram.com\/anrf_rugby\/"]}]}},"_links":{"self":[{"href":"https:\/\/www.anrf-rugby.fr\/index.php\/wp-json\/wp\/v2\/pages\/1247","targetHints":{"allow":["GET"]}}],"collection":[{"href":"https:\/\/www.anrf-rugby.fr\/index.php\/wp-json\/wp\/v2\/pages"}],"about":[{"href":"https:\/\/www.anrf-rugby.fr\/index.php\/wp-json\/wp\/v2\/types\/page"}],"author":[{"embeddable":true,"href":"https:\/\/www.anrf-rugby.fr\/index.php\/wp-json\/wp\/v2\/users\/1"}],"replies":[{"embeddable":true,"href":"https:\/\/www.anrf-rugby.fr\/index.php\/wp-json\/wp\/v2\/comments?post=1247"}],"version-history":[{"count":13,"href":"https:\/\/www.anrf-rugby.fr\/index.php\/wp-json\/wp\/v2\/pages\/1247\/revisions"}],"predecessor-version":[{"id":1298,"href":"https:\/\/www.anrf-rugby.fr\/index.php\/wp-json\/wp\/v2\/pages\/1247\/revisions\/1298"}],"wp:attachment":[{"href":"https:\/\/www.anrf-rugby.fr\/index.php\/wp-json\/wp\/v2\/media?parent=1247"}],"wp:term":[{"taxonomy":"folder","embeddable":true,"href":"https:\/\/www.anrf-rugby.fr\/index.php\/wp-json\/wp\/v2\/folder?post=1247"}],"curies":[{"name":"wp","href":"https:\/\/api.w.org\/{rel}","templated":true}]}}